{"id":1514,"date":"2018-03-27T13:04:28","date_gmt":"2018-03-27T13:04:28","guid":{"rendered":"https:\/\/www.immoleute.ch\/?page_id=1514"},"modified":"2022-07-20T15:32:28","modified_gmt":"2022-07-20T15:32:28","slug":"imprint","status":"publish","type":"page","link":"https:\/\/www.immoleute.ch\/en\/imprint\/","title":{"rendered":"Impressum"},"content":{"rendered":"<p>This is a website of the company Immoleute AG<\/p>\n<p><strong>Contents of the Website<\/strong><br \/>\nThe contents of this website have been prepared and made available to the best of our knowledge and belief. There is no claim to completeness of the information. The website operator is in no way liable for errors or omissions of any kind resulting from the use of this information, the expectations placed in this information or any related information.<\/p>\n<p><strong>Redaktion<\/strong><br \/>\nImmoleute AG<\/p>\n<p><strong>Immoleute Region Schaffhausen<\/strong><br \/>\nImmoleute AG<\/p>\n<p>Schwertstrasse 6<\/p>\n<p>8200 Schaffhausen<\/p>\n<p>Tel. 052 654 07 44<\/p>\n<p>info@immoleute.ch<\/p>\n<p>Gesch\u00e4ftsf\u00fchrer: Oliver M\u00fcller<\/p>\n<p>Handelsregister-Nummer: CHE\u2011241.022.773<\/p>\n<p><strong>Immoleute Thurtal\/Weinland<\/strong><br \/>\nImmoleute AG Thurtal\/Weinland<\/p>\n<p>Sch\u00fctzenmur 6<\/p>\n<p>8478 Thalheim an der Thur<\/p>\n<p>Tel. 079 935 83 90<\/p>\n<p>info@immoleute.ch<\/p>\n<p>Gesch\u00e4ftsf\u00fchrer: Oliver M\u00fcller<\/p>\n<p>Handelsregister-Nummer: CHE\u2011238.989.338<\/p>\n<p><strong>Konzeption &amp; Projektleitung<\/strong><br \/>\nIFF Werbung GmbH<br \/>\nB\u00fcsingerstrasse 5<br \/>\n8203 Schaffhausen<\/p>\n<p>web: <a title=\"Webdesign aus Schaffhausen\" href=\"http:\/\/www.iff.ch\" target=\"_blank\" rel=\"noopener noreferrer\">www.iff.ch<\/a><br \/>\nmail: <a href=\"mailto:%20info@iff.ch\" target=\"_blank\" rel=\"noopener noreferrer\">info@iff.ch<\/a><\/p>\n<p id=\"datenschutz\"><strong>Datenschutz<\/strong><\/p>\n<p>Gest\u00fctzt auf Artikel 13 der schweizerischen Bundesverfassung und die datenschutzrechtlichen Bestimmungen des Bundes (Datenschutzgesetz, DSG) hat jede Person Anspruch auf Schutz ihrer Privatsph\u00e4re sowie auf Schutz vor Missbrauch ihrer pers\u00f6nlichen Daten. Wir halten diese Bestimmungen ein. Pers\u00f6nliche Daten werden streng vertraulich behandelt und weder an Dritte verkauft noch weitergegeben. In enger Zusammenarbeit mit unseren Hosting-Providern bem\u00fchen wir uns, die Datenbanken so gut wie m\u00f6glich vor fremden Zugriffen, Verlusten, Missbrauch oder vor F\u00e4lschung zu sch\u00fctzen. Beim Zugriff auf unsere Webseiten werden folgende Daten in Logfiles gespeichert: IP-Adresse, Datum, Uhrzeit, Browser-Anfrage und allg. \u00fcbertragene Informationen zum Betriebssystem resp. Browser. Diese Nutzungsdaten bilden die Basis f\u00fcr statistische, anonyme Auswertungen, so dass Trends erkennbar sind, anhand derer wir unsere Angebote entsprechend verbessern k\u00f6nnen.<\/p>\n","protected":false},"excerpt":{"rendered":"<p>This is a website of the company Immoleute AG Contents of the Website The contents of this website have been prepared and made available to the best of our knowledge and belief. There is no claim to completeness of the information. The website operator is in no way liable for errors or omissions of any [&hellip;]<\/p>\n","protected":false},"author":4,"featured_media":0,"parent":0,"menu_order":0,"comment_status":"closed","ping_status":"closed","template":"","meta":{"_acf_changed":false,"footnotes":""},"yst_prominent_words":[77,83,74,72,76,73,82,75,18,81],"class_list":["post-1514","page","type-page","status-publish","hentry"],"acf":[],"_links":{"self":[{"href":"https:\/\/www.immoleute.ch\/en\/wp-json\/wp\/v2\/pages\/1514","targetHints":{"allow":["GET"]}}],"collection":[{"href":"https:\/\/www.immoleute.ch\/en\/wp-json\/wp\/v2\/pages"}],"about":[{"href":"https:\/\/www.immoleute.ch\/en\/wp-json\/wp\/v2\/types\/page"}],"author":[{"embeddable":true,"href":"https:\/\/www.immoleute.ch\/en\/wp-json\/wp\/v2\/users\/4"}],"replies":[{"embeddable":true,"href":"https:\/\/www.immoleute.ch\/en\/wp-json\/wp\/v2\/comments?post=1514"}],"version-history":[{"count":5,"href":"https:\/\/www.immoleute.ch\/en\/wp-json\/wp\/v2\/pages\/1514\/revisions"}],"predecessor-version":[{"id":4699,"href":"https:\/\/www.immoleute.ch\/en\/wp-json\/wp\/v2\/pages\/1514\/revisions\/4699"}],"wp:attachment":[{"href":"https:\/\/www.immoleute.ch\/en\/wp-json\/wp\/v2\/media?parent=1514"}],"wp:term":[{"taxonomy":"yst_prominent_words","embeddable":true,"href":"https:\/\/www.immoleute.ch\/en\/wp-json\/wp\/v2\/yst_prominent_words?post=1514"}],"curies":[{"name":"wp","href":"https:\/\/api.w.org\/{rel}","templated":true}]}}